{"id":2243,"date":"2020-06-22T09:59:51","date_gmt":"2020-06-22T09:59:51","guid":{"rendered":"https:\/\/smarthit.lt\/naudojimosi-taisykles\/"},"modified":"2020-06-22T09:59:51","modified_gmt":"2020-06-22T09:59:51","slug":"naudojimosi-taisykles","status":"publish","type":"page","link":"https:\/\/smarthit.lt\/et\/naudojimosi-taisykles\/","title":{"rendered":"Naudojimosi taisykl\u0117s"},"content":{"rendered":"<p class=\"p1\"><span class=\"s1\">1. Bendrosios nuostatos<\/span><\/p>\n<p class=\"p1\"><span class=\"s1\">1.1. \u0160ios preki\u0173 pirkimo &#8211; pardavimo internetin\u0117je parduotuv\u0117je \u201esmarthit.lt\u201c taisykl\u0117s (toliau &#8211; Taisykl\u0117s) nustato asmens, \u012fsigyjan\u010dio prekes smarthit.lt internetin\u0117je parduotuv\u0117je (toliau &#8211; Pirk\u0117jas), ir UAB \u201cValentis Pharma\u201c (toliau &#8211; Pardav\u0117jas) tarpusavio teises, pareigas ir atsakomyb\u0119.<\/span><\/p>\n<p class=\"p1\"><span class=\"s1\">2. Pirkimo &#8211; pardavimo sutarties sudarymo momentas<\/span><\/p>\n<p class=\"p1\"><span class=\"s1\">2.1. Pirkimo &#8211; pardavimo sutartis tarp Pirk\u0117jo ir Pardav\u0117jo laikoma sudaryta nuo to momento, kai Pirk\u0117jas internetin\u0117je parduotuv\u0117je suformav\u0119s preki\u0173 krep\u0161el\u012f, nurod\u0119s pristatymo adres\u0105, pasirink\u0119s apmok\u0117jimo b\u016bd\u0105 ir susipa\u017ein\u0119s su \u0161iomis taisykl\u0117mis, paspaud\u017eia mygtuk\u0105 \u201eU\u017esakyti\u201c. Pirkimo &#8211; pardavimo sutartis galioja iki visi\u0161ko pareig\u0173 pagal \u0161i\u0105 sutart\u012f \u012fvykdymo.<\/span><\/p>\n<p class=\"p1\"><span class=\"s1\">Kiekviena tarp Pirk\u0117jo ir Pardav\u0117jo sudaryta pirkimo &#8211; pardavimo sutartis yra saugoma Pardav\u0117jo duomen\u0173 baz\u0117je.<\/span><\/p>\n<p class=\"p1\"><span class=\"s1\">2.2. Pirk\u0117jas, nesutinkantis su \u0161iomis taisykl\u0117mis arba j\u0173 dalimi, privalo nepateikti u\u017esakymo.<\/span><\/p>\n<p class=\"p1\"><span class=\"s1\">3. Preki\u0173 u\u017esakymas<\/span><\/p>\n<p class=\"p1\"><span class=\"s1\">3.1. Elektronin\u0117je parduotuv\u0117je Pirk\u0117jas gali \u012fsigyti preki\u0173 be registracijos. U\u017esakymui priimti b\u016btinus duomenis (savo Vard\u0105, pavard\u0119, gyvenamosios vietos adres\u0105, telefono numer\u012f) privalo pateikti prie\u0161 galutiniai patvirtindamas preki\u0173 u\u017esakym\u0105.<\/span><\/p>\n<p class=\"p1\"><span class=\"s1\">3.2. Preki\u0173 pirkimo ir pardavimo sutartis laikoma sudaryta nuo tos akimirkos, kai Pirk\u0117jas savo elektroninio pa\u0161to adresu, nurodytu Pirk\u0117jo elektroninio pirkimo paskyroje, gauna Pardav\u0117jo prane\u0161im\u0105, kad Pirk\u0117jo u\u017esakymas prad\u0117tas vykdyti.<\/span><\/p>\n<p class=\"p1\"><span class=\"s1\">3.3. Prek\u0117s laikomos u\u017esakytomis, kai Pirk\u0117jas jo nurodytu elektroninio pa\u0161to adresu gauna patvirtinim\u0105, kad Pirk\u0117jo u\u017esakymas yra prad\u0117tas vykdyti. Pirk\u0117jui pasirinkus prekes apmok\u0117ti u\u017esakymo pateikimo momentu, u\u017esakymas pradedamas vykdyti po pinig\u0173 \u012fskaitymo Pardav\u0117jo banko s\u0105skaitoje momento.<\/span><\/p>\n<p class=\"p1\"><span class=\"s1\">4. Preki\u0173 pristatymas<\/span><\/p>\n<p class=\"p1\"><span class=\"s1\">4.1. Pirk\u0117jas gali pasirinkti vien\u0105 i\u0161 toliau nurodyt\u0173 preki\u0173 atsi\u0117mimo b\u016bd\u0173:<\/span><\/p>\n<p class=\"p1\"><span class=\"s1\">4.1.1. gauti u\u017esakytas prekes per kurjer\u012f Pirk\u0117jo nurodytu adresu<\/span><\/p>\n<p class=\"p1\"><span class=\"s1\">4.1.2. gauti u\u017esakytas prekes \u012f vien\u0105 i\u0161 pasirinkt\u0173 DPD Pickup terminal\u0105 ar siunt\u0173 ta\u0161k\u0105;<\/span><\/p>\n<p class=\"p1\"><span class=\"s1\">4.2. Prek\u0117s pirk\u0117jui pristatomos per 3 (tris) darbo dienas. Jei pirk\u0117jas pasirenka gauti u\u017esakytas prekes per kurjer\u012f Pirk\u0117jo nurodytu adresu, tiksli\u0105 preki\u0173 pristatymo valand\u0105 kurjeris ir Pirk\u0117jas suderina telefonu, kurjeriui paskambinus Pirk\u0117jo nurodytu numeriu. Jei pirk\u0117jas pasirenka gauti u\u017esakytas prekes \u012f vien\u0105 i\u0161 DPD Pick up terminal\u0173 ar siunt\u0173 ta\u0161k\u0173, Pirk\u0117jui SMS \u017einute yra prane\u0161ama, kad jo siunta jau pristatyta \u012f pasirinkt\u0105 viet\u0105: nurodoma siuntos numeris, Pickup siunt\u0173 ta\u0161ko ar terminalo adresas ir darbo laikas. Siunt\u0173 atsi\u0117mimo terminas i\u0161 Pickup siunt\u0173 ta\u0161ko ar terminalo \u2013 7 (septynios) kalendorin\u0117s dienos.<\/span><\/p>\n<p class=\"p1\"><span class=\"s1\">4.3. Pirk\u0117jas, pasirink\u0119s preki\u0173 pristatymo per kurjer\u012f b\u016bd\u0105, \u012fsipareigoja Pirk\u0117jo elektroninio pirkimo paskyroje nurodyti tiksl\u0173 preki\u0173 pristatymo adres\u0105 ir atsiimti prekes su kurjeriu suderintu pristatymo laiku. Pirk\u0117jas turi u\u017etikrinti, kad su kurjeriu suderintu preki\u0173 pristatymo laiku u\u017esakymo metu pateiktoje preki\u0173 pristatymo vietoje prekes atsiimt\u0173 pirk\u0117jas arba kitas asmuo, kuriam pirk\u0117jas perdav\u0117 u\u017esakymo numer\u012f. Pirk\u0117jas, atskleisdamas u\u017esakymo numer\u012f kitam asmeniui, prisiima atsakomyb\u0119 ir neturi teis\u0117s reik\u0161ti Pardav\u0117jui pretenzij\u0173 d\u0117l preki\u0173 pristatymo netinkamam subjektui. Jeigu preki\u0173 pristatymas yra ne\u012fmanomas ne d\u0117l Pardav\u0117jo kalt\u0117s (pavyzd\u017eiui, Pirk\u0117jas u\u017esakydamas prek\u0119 nurod\u0117 neteising\u0105 adres\u0105, nurodytu adresu Pirk\u0117jas ar gav\u0117jas nerandamas ir pan.) arba Pirk\u0117jas neatsiima preki\u0173 su kurjeriu suderintu laiku, Pardav\u0117jas i\u0161 anksto ne\u012fsp\u0117j\u0119s gali nutraukti preki\u0173 pirkimo ir pardavimo sutart\u012f. Jei \u0161iame punkte numatytu atveju Pardav\u0117jas nutraukia pirkimo ir pardavimo sutart\u012f, Pardav\u0117jas per 14 dien\u0173 gr\u0105\u017eina Pirk\u0117jui u\u017e prekes sumok\u0117t\u0105 sum\u0105, i\u0161skaitydamas i\u0161 tos sumos Pardav\u0117jo patirtas preki\u0173 pristatymo i\u0161laidas.<\/span><\/p>\n<p class=\"p1\"><span class=\"s1\">4.4. Pirk\u0117jas, priimdamas \u012fsigytas prekes, prie\u0161 pasira\u0161ydamas preki\u0173 pristatymo dokumentus, turi galimyb\u0119 ap\u017ei\u016br\u0117ti siuntos i\u0161orin\u0117s prek\u0117s pakuot\u0117s b\u016bkl\u0119 ir, jeigu ji yra pa\u017eeista, pirk\u0117jas turi teis\u0119 ap\u017ei\u016br\u0117ti u\u017esakymo turin\u012f &#8211; preki\u0173 pakuotes, preki\u0173 kiek\u012f, kokyb\u0119 ir asortiment\u0105. Jeigu Pirk\u0117jas pasteb\u0117jo preki\u0173 tr\u016bkum\u0173 arba siuntos ir u\u017esakymo neatitikim\u0173, Pirk\u0117jas privalo nepriimti preki\u0173 siuntos ir kartu su kurjeriu u\u017epildyti special\u0173 siunt\u0173 patikrinimo akt\u0105, kuriame privalo nurodyti rastus pa\u017eeidimus ir informuoti apie juos Pardav\u0117j\u0105 \u0161iose Taisykl\u0117se nurodytu telefono numeriu arba elektroninio pa\u0161to adresu. Jei Pirk\u0117jas preki\u0173 pristatymo dokumentus patvirtina be pastab\u0173, laikoma, kad prek\u0117s jam pristatytos nepa\u017eeistoje preki\u0173 siuntos pakuot\u0117je.<\/span><\/p>\n<p class=\"p1\"><span class=\"s1\">4.5. Jei Pirk\u0117jo preki\u0173 krep\u0161elyje yra bent viena prek\u0117, kurios pageidaujamo kiekio Pardav\u0117jas per \u0161iose Taisykl\u0117se nurodytus terminus pristatyti Pirk\u0117jui negali, Administratorius apie tai nedelsdamas informuoja Pirk\u0117j\u0105 jo elektroninio pirkimo paskyroje nurodytu elektroninio pa\u0161to adresu arba telefono numeriu ir nurodo galim\u0105 preki\u0173 pristatymo termin\u0105. Pirk\u0117jui nesutinkant su pasikeitusiu preki\u0173 pristatymo terminu, jis gali atsisakyti u\u017esakymo. Tokiu atveju Pardav\u0117jas per 14 dien\u0173 nuo u\u017esakymo atsisakymo gr\u0105\u017eina Pirk\u0117jui pagal ankstesn\u012f u\u017esakym\u0105 sumok\u0117t\u0105 sum\u0105.<\/span><\/p>\n<p class=\"p1\"><span class=\"s1\">4.6. \u0160iame skyriuje numatytais atvejais gr\u0105\u017einamas Pirk\u0117jui sumas Pardav\u0117jas perveda \u012f Pirk\u0117jo atitinkamo u\u017esakymo pateikimo metu nurodyt\u0105 mok\u0117tojo banko s\u0105skait\u0105, i\u0161 kurios buvo atliktas mok\u0117jimas u\u017e u\u017esakym\u0105.<\/span><\/p>\n<p class=\"p1\"><span class=\"s1\">5. Preki\u0173 kaina ir atsiskaitymas<\/span><\/p>\n<p class=\"p1\"><span class=\"s1\">5.1. Preki\u0173 kainos Elektronin\u0117je parduotuv\u0117je nurodytos eurais su prid\u0117tin\u0117s vert\u0117s mokes\u010di\u0173 (PVM).<\/span><\/p>\n<p class=\"p1\"><span class=\"s1\">5.2. U\u017e preki\u0173 pristatymo per kurjer\u012f ar DPD Pickup paslaug\u0105 taikomi preki\u0173 u\u017esakymo pateikimo metu galiojantys \u012fkainiai, nurodyti Elektronin\u0117s parduotuv\u0117s meniu skiltyje \u201ePreki\u0173 pristatymas\u201c. Preki\u0173 pristatymo kaina taikoma visam u\u017esakytam preki\u0173 krep\u0161eliui ir atskiroms prek\u0117ms nedalijama.<\/span><\/p>\n<p class=\"p1\"><span class=\"s1\">5.3. Pirk\u0117jas gali atsiskaityti u\u017e prekes vienu i\u0161 \u0161i\u0173 b\u016bd\u0173:<\/span><\/p>\n<p class=\"p1\"><span class=\"s1\">5.3.1. atsiskaityti per Paysera atsiskaitymo sistem\u0105. Mokant \u0161iuo b\u016bdu Pirk\u0117jas gali atsiskaityti naudojantis savo banko elektronin\u0117s bankininkyst\u0117s sistema.<\/span><\/p>\n<p class=\"p1\"><span class=\"s1\">5.3.2. grynaisiais pinigais sumokant juos kurjeriui preki\u0173 pristatymo Pirk\u0117jo nurodytu adresu metu.<\/span><\/p>\n<p class=\"p1\"><span class=\"s1\">5.4. Ne v\u0117liau kaip per 2 (dvi) darbo dienas nuo preki\u0173 perdavimo Pirk\u0117jui Pardav\u0117jas Pirk\u0117jo nurodytu elektroniniu pa\u0161tu pateikia Pirk\u0117jui i\u0161ra\u0161yt\u0105 PVM s\u0105skait\u0105 fakt\u016br\u0105. S\u0105skaitos fakt\u016bros duomenys yra automati\u0161kai sugeneruojami pagal pateiktus Pirk\u0117jo duomenis ir po u\u017esakymo pateikimo negali b\u016bti koreguojami.<\/span><\/p>\n<p class=\"p1\"><span class=\"s1\">6. Sutarties atsisakymas, preki\u0173 keitimas ir gr\u0105\u017einimas<\/span><\/p>\n<p class=\"p1\"><span class=\"s1\">6.1. Remiantis LR \u016akio ministro \u012fsakymu 6.362 straipsnio 4 dalimi kokybi\u0161kos kosmetikos prek\u0117s (kodai pagal kombinuot\u0105j\u0105 preki\u0173 nomenklat\u016br\u0105 &#8211; 33.03 &#8211; 33.07) nekei\u010diamos ir atgal nepriimamos.<\/span><\/p>\n<p class=\"p1\"><span class=\"s1\">6.2. Remiantis LR \u016akio ministro patvirtintomis Ma\u017emenin\u0117s prekybos taisykl\u0117mis tinkamos kokyb\u0117s maisto prek\u0117s (\u012fskaitant maisto papildus) nekei\u010diamos ir negr\u0105\u017einamos.<\/span><\/p>\n<p class=\"p1\"><span class=\"s1\">6.3. Netinkamos kokyb\u0117s prek\u0117s \u012f tinkamos kokyb\u0117s prekes kei\u010diamos ir prek\u0117s gr\u0105\u017einamos Civilinio kodekso 6.363 ir 6.364 straipsniuose nustatytais atvejais ir s\u0105lygomis. Civilinio kodekso 6.363 ir 6.364 straipsniuose nustatytomis teis\u0117mis vartotojas gali pasinaudoti ir tuo atveju, kai jam parduota prek\u0117, kurios tinkamumo naudoti terminas prek\u0117s pirkimo-pardavimo momentu pasibaig\u0119s.<\/span><\/p>\n<p class=\"p1\"><span class=\"s1\">6.4. Netinkamos kokyb\u0117s prek\u0117mis yra laikomos, jei pasibaig\u0119s preki\u0173 galiojimo terminas, preki\u0173 sud\u0117tyje yra teis\u0117s aktais draud\u017eiam\u0173 sudedam\u0173j\u0173 med\u017eiag\u0173, d\u0117l netinkam\u0173 laikymo s\u0105lyg\u0173 iki preki\u0173 perdavimo Pirk\u0117jui yra pakitusi preki\u0173 konsistencija ar kitos esmin\u0117s ypatyb\u0117s, prek\u0117s yra pa\u017eeistos mechani\u0161kai, pa\u017eeistos j\u0173 pakuot\u0117s ar yra kit\u0173 preki\u0173 kokyb\u0117s tr\u016bkum\u0173.<\/span><\/p>\n<p class=\"p1\"><span class=\"s1\">7. Slapuk\u0173 naudojimas<\/span><\/p>\n<p class=\"p1\"><span class=\"s1\">7.1. Nor\u0117damas Pirk\u0117jui ar Elektronin\u0117s parduotuv\u0117s lankytojui pasi\u016blyti visavertes Elektronin\u0117je parduotuv\u0117je si\u016blomas paslaugas, Elektronin\u0117je parduotuv\u0117je Pardav\u0117jas naudoja sisteminius slapukus (angl. cookies). Slapukai naudojami siekiant atpa\u017einti ankstesn\u012f Elektronin\u0117s parduotuv\u0117s lankytoj\u0105, nustatyti Elektronin\u0117s parduotuv\u0117s puslapio kalb\u0105, identifikuoti vartotojo sesij\u0105, sesijos rakt\u0105, taip pat siekiant identifikuoti ir i\u0161taisyti Elektronin\u0117je parduotuv\u0117je esan\u010dias klaidas. Daugiau apie Elektronin\u0117je parduotuv\u0117je naudojamus sl galite su\u017einoti svetain\u0117s privatumo politikoje. <\/span><\/p>\n<p class=\"p1\"><span class=\"s1\">8. Baigiamosios nuostatos<\/span><\/p>\n<p class=\"p1\"><span class=\"s1\">8.1. \u0160ios Taisykl\u0117s sudarytos vadovaujantis Lietuvos Respublikos teis\u0117s aktais. \u0160i\u0173 taisykli\u0173 pagrindu kylantiems santykiams taikoma Lietuvos Respublikos teis\u0117.<\/span><\/p>\n<p class=\"p1\"><span class=\"s1\">8.2. Kiekvienas gin\u010das, nesutarimas ar reikalavimas, kylantis i\u0161 \u0161i\u0173 Taisykli\u0173 ar susij\u0119s su jomis bei Taisykli\u0173 pa\u017eeidimu ar galiojimu, sprend\u017eiamas derybomis, nepavykus susitarti, galutinai sprend\u017eiamas Lietuvos Respublikos teisme vadovaujantis Lietuvos Respublikoje galiojan\u010diais \u012fstatymais.<\/span><\/p>\n<p class=\"p1\"><span class=\"s1\">8.3. Atsiradus \u017ealai, kaltoji \u0161alis atlygina kitai \u0161aliai tiesioginius nuostolius Lietuvos Respublikos teis\u0117s akt\u0173 nustatyta tvarka ir pagrindais.<\/span><\/p>\n<p class=\"p1\"><span class=\"s1\">8.4. Kilus problemoms d\u0117l m\u016bs\u0173 interneto parduotuv\u0117je \u012fsigytos prek\u0117s ar paslaugos, kreipkit\u0117s el. pa\u0161tu info@smarthit.lt<\/span><\/p>\n","protected":false},"excerpt":{"rendered":"<p>1. Bendrosios nuostatos 1.1. \u0160ios preki\u0173 pirkimo &#8211; pardavimo internetin\u0117je parduotuv\u0117je \u201esmarthit.lt\u201c taisykl\u0117s (toliau &#8211; Taisykl\u0117s) nustato asmens, \u012fsigyjan\u010dio prekes smarthit.lt internetin\u0117je parduotuv\u0117je (toliau &#8211; Pirk\u0117jas), ir UAB \u201cValentis Pharma\u201c (toliau &#8211; Pardav\u0117jas) tarpusavio teises, pareigas ir atsakomyb\u0119. 2. Pirkimo &#8211; pardavimo sutarties sudarymo momentas 2.1. Pirkimo &#8211; pardavimo sutartis tarp Pirk\u0117jo ir Pardav\u0117jo laikoma [&hellip;]<\/p>\n","protected":false},"author":2,"featured_media":0,"parent":0,"menu_order":0,"comment_status":"closed","ping_status":"closed","template":"template-textpage.php","meta":{"inline_featured_image":false,"footnotes":""},"class_list":["post-2243","page","type-page","status-publish","hentry"],"acf":[],"yoast_head":"<!-- This site is optimized with the Yoast SEO plugin v19.10 - https:\/\/yoast.com\/wordpress\/plugins\/seo\/ -->\n<title>Naudojimosi taisykl\u0117s - SmartHit IV<\/title>\n<meta name=\"robots\" content=\"index, follow, max-snippet:-1, max-image-preview:large, max-video-preview:-1\" \/>\n<link rel=\"canonical\" href=\"https:\/\/smarthit.lt\/et\/naudojimosi-taisykles\/\" \/>\n<meta property=\"og:locale\" content=\"et_EE\" \/>\n<meta property=\"og:type\" content=\"article\" \/>\n<meta property=\"og:title\" content=\"Naudojimosi taisykl\u0117s - SmartHit IV\" \/>\n<meta property=\"og:description\" content=\"1. Bendrosios nuostatos 1.1. \u0160ios preki\u0173 pirkimo &#8211; pardavimo internetin\u0117je parduotuv\u0117je \u201esmarthit.lt\u201c taisykl\u0117s (toliau &#8211; Taisykl\u0117s) nustato asmens, \u012fsigyjan\u010dio prekes smarthit.lt internetin\u0117je parduotuv\u0117je (toliau &#8211; Pirk\u0117jas), ir UAB \u201cValentis Pharma\u201c (toliau &#8211; Pardav\u0117jas) tarpusavio teises, pareigas ir atsakomyb\u0119. 2. Pirkimo &#8211; pardavimo sutarties sudarymo momentas 2.1. Pirkimo &#8211; pardavimo sutartis tarp Pirk\u0117jo ir Pardav\u0117jo laikoma [&hellip;]\" \/>\n<meta property=\"og:url\" content=\"https:\/\/smarthit.lt\/et\/naudojimosi-taisykles\/\" \/>\n<meta property=\"og:site_name\" content=\"SmartHit IV\" \/>\n<meta name=\"twitter:card\" content=\"summary_large_image\" \/>\n<meta name=\"twitter:label1\" content=\"Est. reading time\" \/>\n\t<meta name=\"twitter:data1\" content=\"7 minutit\" \/>\n<script type=\"application\/ld+json\" class=\"yoast-schema-graph\">{\"@context\":\"https:\/\/schema.org\",\"@graph\":[{\"@type\":\"WebPage\",\"@id\":\"https:\/\/smarthit.lt\/et\/naudojimosi-taisykles\/\",\"url\":\"https:\/\/smarthit.lt\/et\/naudojimosi-taisykles\/\",\"name\":\"Naudojimosi taisykl\u0117s - SmartHit IV\",\"isPartOf\":{\"@id\":\"https:\/\/smarthit.lt\/#website\"},\"datePublished\":\"2020-06-22T09:59:51+00:00\",\"dateModified\":\"2020-06-22T09:59:51+00:00\",\"breadcrumb\":{\"@id\":\"https:\/\/smarthit.lt\/et\/naudojimosi-taisykles\/#breadcrumb\"},\"inLanguage\":\"et\",\"potentialAction\":[{\"@type\":\"ReadAction\",\"target\":[\"https:\/\/smarthit.lt\/et\/naudojimosi-taisykles\/\"]}]},{\"@type\":\"BreadcrumbList\",\"@id\":\"https:\/\/smarthit.lt\/et\/naudojimosi-taisykles\/#breadcrumb\",\"itemListElement\":[{\"@type\":\"ListItem\",\"position\":1,\"name\":\"Home\",\"item\":\"https:\/\/smarthit.lt\/et\/\"},{\"@type\":\"ListItem\",\"position\":2,\"name\":\"Naudojimosi taisykl\u0117s\"}]},{\"@type\":\"WebSite\",\"@id\":\"https:\/\/smarthit.lt\/#website\",\"url\":\"https:\/\/smarthit.lt\/\",\"name\":\"SmartHit IV\",\"description\":\"\",\"potentialAction\":[{\"@type\":\"SearchAction\",\"target\":{\"@type\":\"EntryPoint\",\"urlTemplate\":\"https:\/\/smarthit.lt\/?s={search_term_string}\"},\"query-input\":\"required name=search_term_string\"}],\"inLanguage\":\"et\"}]}<\/script>\n<!-- \/ Yoast SEO plugin. -->","yoast_head_json":{"title":"Naudojimosi taisykl\u0117s - SmartHit IV","robots":{"index":"index","follow":"follow","max-snippet":"max-snippet:-1","max-image-preview":"max-image-preview:large","max-video-preview":"max-video-preview:-1"},"canonical":"https:\/\/smarthit.lt\/et\/naudojimosi-taisykles\/","og_locale":"et_EE","og_type":"article","og_title":"Naudojimosi taisykl\u0117s - SmartHit IV","og_description":"1. Bendrosios nuostatos 1.1. \u0160ios preki\u0173 pirkimo &#8211; pardavimo internetin\u0117je parduotuv\u0117je \u201esmarthit.lt\u201c taisykl\u0117s (toliau &#8211; Taisykl\u0117s) nustato asmens, \u012fsigyjan\u010dio prekes smarthit.lt internetin\u0117je parduotuv\u0117je (toliau &#8211; Pirk\u0117jas), ir UAB \u201cValentis Pharma\u201c (toliau &#8211; Pardav\u0117jas) tarpusavio teises, pareigas ir atsakomyb\u0119. 2. Pirkimo &#8211; pardavimo sutarties sudarymo momentas 2.1. Pirkimo &#8211; pardavimo sutartis tarp Pirk\u0117jo ir Pardav\u0117jo laikoma [&hellip;]","og_url":"https:\/\/smarthit.lt\/et\/naudojimosi-taisykles\/","og_site_name":"SmartHit IV","twitter_card":"summary_large_image","twitter_misc":{"Est. reading time":"7 minutit"},"schema":{"@context":"https:\/\/schema.org","@graph":[{"@type":"WebPage","@id":"https:\/\/smarthit.lt\/et\/naudojimosi-taisykles\/","url":"https:\/\/smarthit.lt\/et\/naudojimosi-taisykles\/","name":"Naudojimosi taisykl\u0117s - SmartHit IV","isPartOf":{"@id":"https:\/\/smarthit.lt\/#website"},"datePublished":"2020-06-22T09:59:51+00:00","dateModified":"2020-06-22T09:59:51+00:00","breadcrumb":{"@id":"https:\/\/smarthit.lt\/et\/naudojimosi-taisykles\/#breadcrumb"},"inLanguage":"et","potentialAction":[{"@type":"ReadAction","target":["https:\/\/smarthit.lt\/et\/naudojimosi-taisykles\/"]}]},{"@type":"BreadcrumbList","@id":"https:\/\/smarthit.lt\/et\/naudojimosi-taisykles\/#breadcrumb","itemListElement":[{"@type":"ListItem","position":1,"name":"Home","item":"https:\/\/smarthit.lt\/et\/"},{"@type":"ListItem","position":2,"name":"Naudojimosi taisykl\u0117s"}]},{"@type":"WebSite","@id":"https:\/\/smarthit.lt\/#website","url":"https:\/\/smarthit.lt\/","name":"SmartHit IV","description":"","potentialAction":[{"@type":"SearchAction","target":{"@type":"EntryPoint","urlTemplate":"https:\/\/smarthit.lt\/?s={search_term_string}"},"query-input":"required name=search_term_string"}],"inLanguage":"et"}]}},"_links":{"self":[{"href":"https:\/\/smarthit.lt\/et\/wp-json\/wp\/v2\/pages\/2243"}],"collection":[{"href":"https:\/\/smarthit.lt\/et\/wp-json\/wp\/v2\/pages"}],"about":[{"href":"https:\/\/smarthit.lt\/et\/wp-json\/wp\/v2\/types\/page"}],"author":[{"embeddable":true,"href":"https:\/\/smarthit.lt\/et\/wp-json\/wp\/v2\/users\/2"}],"replies":[{"embeddable":true,"href":"https:\/\/smarthit.lt\/et\/wp-json\/wp\/v2\/comments?post=2243"}],"version-history":[{"count":0,"href":"https:\/\/smarthit.lt\/et\/wp-json\/wp\/v2\/pages\/2243\/revisions"}],"wp:attachment":[{"href":"https:\/\/smarthit.lt\/et\/wp-json\/wp\/v2\/media?parent=2243"}],"curies":[{"name":"wp","href":"https:\/\/api.w.org\/{rel}","templated":true}]}}